{"id":254,"date":"2015-04-21T13:28:29","date_gmt":"2015-04-21T13:28:29","guid":{"rendered":"http:\/\/demo1.wprentals.org\/?page_id=254"},"modified":"2024-07-25T14:06:42","modified_gmt":"2024-07-25T14:06:42","slug":"nous-contacter","status":"publish","type":"page","link":"https:\/\/vacancesenbretagne.fr\/en\/nous-contacter\/","title":{"rendered":"Contact us"},"content":{"rendered":"","protected":false},"excerpt":{"rendered":"","protected":false},"author":3,"featured_media":0,"parent":0,"menu_order":0,"comment_status":"open","ping_status":"closed","template":"contact_page.php","meta":{"_monsterinsights_skip_tracking":false,"_monsterinsights_sitenote_active":false,"_monsterinsights_sitenote_note":"","_monsterinsights_sitenote_category":0,"footnotes":""},"class_list":["post-254","page","type-page","status-publish","hentry"],"yoast_head":"<!-- This site is optimized with the Yoast SEO plugin v26.6 - https:\/\/yoast.com\/wordpress\/plugins\/seo\/ -->\n<title>Nous contacter - Maisons de la Presqu\u2019\u00eele de L\u00e9zardrieux<\/title>\n<meta name=\"description\" content=\"Locations de vacances sur la Presqu&#039;ile de L\u00e9zardrieux Paimpol Perros Guirec Br\u00e9hat. Proche de la mer. C\u00f4tes d&#039;Armor, Bretagne, Gites\" \/>\n<meta name=\"robots\" content=\"index, follow, max-snippet:-1, max-image-preview:large, max-video-preview:-1\" \/>\n<link rel=\"canonical\" href=\"https:\/\/vacancesenbretagne.fr\/en\/nous-contacter\/\" \/>\n<meta property=\"og:locale\" content=\"en_GB\" \/>\n<meta property=\"og:type\" content=\"article\" \/>\n<meta property=\"og:title\" content=\"Nous contacter - Maisons de la Presqu\u2019\u00eele de L\u00e9zardrieux\" \/>\n<meta property=\"og:description\" content=\"Locations de vacances sur la Presqu&#039;ile de L\u00e9zardrieux Paimpol Perros Guirec Br\u00e9hat. Proche de la mer. C\u00f4tes d&#039;Armor, Bretagne, Gites\" \/>\n<meta property=\"og:url\" content=\"https:\/\/vacancesenbretagne.fr\/en\/nous-contacter\/\" \/>\n<meta property=\"og:site_name\" content=\"Maisons de la Presqu\u2019\u00eele de L\u00e9zardrieux\" \/>\n<meta property=\"article:modified_time\" content=\"2024-07-25T14:06:42+00:00\" \/>\n<meta name=\"twitter:card\" content=\"summary_large_image\" \/>\n<script type=\"application\/ld+json\" class=\"yoast-schema-graph\">{\"@context\":\"https:\/\/schema.org\",\"@graph\":[{\"@type\":\"WebPage\",\"@id\":\"https:\/\/vacancesenbretagne.fr\/nous-contacter\/\",\"url\":\"https:\/\/vacancesenbretagne.fr\/nous-contacter\/\",\"name\":\"Nous contacter - Maisons de la Presqu\u2019\u00eele de L\u00e9zardrieux\",\"isPartOf\":{\"@id\":\"https:\/\/vacancesenbretagne.fr\/#website\"},\"datePublished\":\"2015-04-21T13:28:29+00:00\",\"dateModified\":\"2024-07-25T14:06:42+00:00\",\"description\":\"Locations de vacances sur la Presqu'ile de L\u00e9zardrieux Paimpol Perros Guirec Br\u00e9hat. Proche de la mer. C\u00f4tes d'Armor, Bretagne, Gites\",\"breadcrumb\":{\"@id\":\"https:\/\/vacancesenbretagne.fr\/nous-contacter\/#breadcrumb\"},\"inLanguage\":\"en-GB\",\"potentialAction\":[{\"@type\":\"ReadAction\",\"target\":[\"https:\/\/vacancesenbretagne.fr\/nous-contacter\/\"]}]},{\"@type\":\"BreadcrumbList\",\"@id\":\"https:\/\/vacancesenbretagne.fr\/nous-contacter\/#breadcrumb\",\"itemListElement\":[{\"@type\":\"ListItem\",\"position\":1,\"name\":\"Home\",\"item\":\"https:\/\/vacancesenbretagne.fr\/\"},{\"@type\":\"ListItem\",\"position\":2,\"name\":\"Nous contacter\"}]},{\"@type\":\"WebSite\",\"@id\":\"https:\/\/vacancesenbretagne.fr\/#website\",\"url\":\"https:\/\/vacancesenbretagne.fr\/\",\"name\":\"Maisons de la Presqu\u2019\u00eele - Locations de vacances - Paimpol, Perros Guirec, Br\u00e9hat, L\u00e9zardrieux\",\"description\":\"Locations de vacances Paimpol Br\u00e9hat Perros Guirec\",\"potentialAction\":[{\"@type\":\"SearchAction\",\"target\":{\"@type\":\"EntryPoint\",\"urlTemplate\":\"https:\/\/vacancesenbretagne.fr\/?s={search_term_string}\"},\"query-input\":{\"@type\":\"PropertyValueSpecification\",\"valueRequired\":true,\"valueName\":\"search_term_string\"}}],\"inLanguage\":\"en-GB\"}]}<\/script>\n<!-- \/ Yoast SEO plugin. -->","yoast_head_json":{"title":"Nous contacter - Maisons de la Presqu\u2019\u00eele de L\u00e9zardrieux","description":"Locations de vacances sur la Presqu'ile de L\u00e9zardrieux Paimpol Perros Guirec Br\u00e9hat. Proche de la mer. C\u00f4tes d'Armor, Bretagne, Gites","robots":{"index":"index","follow":"follow","max-snippet":"max-snippet:-1","max-image-preview":"max-image-preview:large","max-video-preview":"max-video-preview:-1"},"canonical":"https:\/\/vacancesenbretagne.fr\/en\/nous-contacter\/","og_locale":"en_GB","og_type":"article","og_title":"Nous contacter - Maisons de la Presqu\u2019\u00eele de L\u00e9zardrieux","og_description":"Locations de vacances sur la Presqu'ile de L\u00e9zardrieux Paimpol Perros Guirec Br\u00e9hat. Proche de la mer. C\u00f4tes d'Armor, Bretagne, Gites","og_url":"https:\/\/vacancesenbretagne.fr\/en\/nous-contacter\/","og_site_name":"Maisons de la Presqu\u2019\u00eele de L\u00e9zardrieux","article_modified_time":"2024-07-25T14:06:42+00:00","twitter_card":"summary_large_image","schema":{"@context":"https:\/\/schema.org","@graph":[{"@type":"WebPage","@id":"https:\/\/vacancesenbretagne.fr\/nous-contacter\/","url":"https:\/\/vacancesenbretagne.fr\/nous-contacter\/","name":"Nous contacter - Maisons de la Presqu\u2019\u00eele de L\u00e9zardrieux","isPartOf":{"@id":"https:\/\/vacancesenbretagne.fr\/#website"},"datePublished":"2015-04-21T13:28:29+00:00","dateModified":"2024-07-25T14:06:42+00:00","description":"Locations de vacances sur la Presqu'ile de L\u00e9zardrieux Paimpol Perros Guirec Br\u00e9hat. Proche de la mer. C\u00f4tes d'Armor, Bretagne, Gites","breadcrumb":{"@id":"https:\/\/vacancesenbretagne.fr\/nous-contacter\/#breadcrumb"},"inLanguage":"en-GB","potentialAction":[{"@type":"ReadAction","target":["https:\/\/vacancesenbretagne.fr\/nous-contacter\/"]}]},{"@type":"BreadcrumbList","@id":"https:\/\/vacancesenbretagne.fr\/nous-contacter\/#breadcrumb","itemListElement":[{"@type":"ListItem","position":1,"name":"Home","item":"https:\/\/vacancesenbretagne.fr\/"},{"@type":"ListItem","position":2,"name":"Nous contacter"}]},{"@type":"WebSite","@id":"https:\/\/vacancesenbretagne.fr\/#website","url":"https:\/\/vacancesenbretagne.fr\/","name":"Maisons de la Presqu\u2019\u00eele - Locations de vacances - Paimpol, Perros Guirec, Br\u00e9hat, L\u00e9zardrieux","description":"Holiday rentals Paimpol Br\u00e9hat Perros Guirec","potentialAction":[{"@type":"SearchAction","target":{"@type":"EntryPoint","urlTemplate":"https:\/\/vacancesenbretagne.fr\/?s={search_term_string}"},"query-input":{"@type":"PropertyValueSpecification","valueRequired":true,"valueName":"search_term_string"}}],"inLanguage":"en-GB"}]}},"_links":{"self":[{"href":"https:\/\/vacancesenbretagne.fr\/en\/wp-json\/wp\/v2\/pages\/254","targetHints":{"allow":["GET"]}}],"collection":[{"href":"https:\/\/vacancesenbretagne.fr\/en\/wp-json\/wp\/v2\/pages"}],"about":[{"href":"https:\/\/vacancesenbretagne.fr\/en\/wp-json\/wp\/v2\/types\/page"}],"author":[{"embeddable":true,"href":"https:\/\/vacancesenbretagne.fr\/en\/wp-json\/wp\/v2\/users\/3"}],"replies":[{"embeddable":true,"href":"https:\/\/vacancesenbretagne.fr\/en\/wp-json\/wp\/v2\/comments?post=254"}],"version-history":[{"count":0,"href":"https:\/\/vacancesenbretagne.fr\/en\/wp-json\/wp\/v2\/pages\/254\/revisions"}],"wp:attachment":[{"href":"https:\/\/vacancesenbretagne.fr\/en\/wp-json\/wp\/v2\/media?parent=254"}],"curies":[{"name":"wp","href":"https:\/\/api.w.org\/{rel}","templated":true}]}}