{"id":187,"date":"2015-04-20T13:10:02","date_gmt":"2015-04-20T13:10:02","guid":{"rendered":"http:\/\/demo1.wprentals.org\/?page_id=187"},"modified":"2022-12-31T06:12:04","modified_gmt":"2022-12-31T06:12:04","slug":"blog-list","status":"publish","type":"page","link":"https:\/\/vacancesenbretagne.fr\/en\/blog-list\/","title":{"rendered":"Blog"},"content":{"rendered":"<div data-elementor-type=\"wp-page\" data-elementor-id=\"187\" class=\"elementor elementor-187\" data-elementor-post-type=\"page\">\n\t\t\t\t\t\t<section class=\"ob-is-breaking-bad elementor-section elementor-top-section elementor-element elementor-element-76d870ff elementor-section-boxed elementor-section-height-default elementor-section-height-default wpr-particle-no wpr-jarallax-no wpr-parallax-no wpr-sticky-section-no wpr-equal-height-no\" data-id=\"76d870ff\" data-element_type=\"section\" data-e-type=\"section\" data-settings=\"{&quot;_ob_bbad_use_it&quot;:&quot;yes&quot;,&quot;_ob_bbad_sssic_use&quot;:&quot;no&quot;,&quot;_ob_glider_is_slider&quot;:&quot;no&quot;}\">\n\t\t\t\t\t\t<div class=\"elementor-container elementor-column-gap-default\">\n\t\t\t\t\t<div class=\"elementor-column elementor-col-100 elementor-top-column elementor-element elementor-element-6f2beba3\" data-id=\"6f2beba3\" data-element_type=\"column\" data-e-type=\"column\" data-settings=\"{&quot;_ob_bbad_is_stalker&quot;:&quot;no&quot;,&quot;_ob_teleporter_use&quot;:false,&quot;_ob_column_hoveranimator&quot;:&quot;no&quot;,&quot;_ob_column_has_pseudo&quot;:&quot;no&quot;}\">\n\t\t\t<div class=\"elementor-widget-wrap elementor-element-populated\">\n\t\t\t\t\t\t\t<\/div>\n\t\t<\/div>\n\t\t\t\t\t<\/div>\n\t\t<\/section>\n\t\t\t\t<\/div>","protected":false},"excerpt":{"rendered":"","protected":false},"author":3,"featured_media":0,"parent":0,"menu_order":0,"comment_status":"open","ping_status":"open","template":"blog_list.php","meta":{"_monsterinsights_skip_tracking":false,"_monsterinsights_sitenote_active":false,"_monsterinsights_sitenote_note":"","_monsterinsights_sitenote_category":0,"footnotes":""},"class_list":["post-187","page","type-page","status-publish","hentry"],"yoast_head":"<!-- This site is optimized with the Yoast SEO plugin v26.6 - https:\/\/yoast.com\/wordpress\/plugins\/seo\/ -->\n<title>Blog - Maisons de la Presqu\u2019\u00eele de L\u00e9zardrieux<\/title>\n<meta name=\"robots\" content=\"index, follow, max-snippet:-1, max-image-preview:large, max-video-preview:-1\" \/>\n<link rel=\"canonical\" href=\"https:\/\/vacancesenbretagne.fr\/en\/blog-list\/\" \/>\n<meta property=\"og:locale\" content=\"en_GB\" \/>\n<meta property=\"og:type\" content=\"article\" \/>\n<meta property=\"og:title\" content=\"Blog - Maisons de la Presqu\u2019\u00eele de L\u00e9zardrieux\" \/>\n<meta property=\"og:url\" content=\"https:\/\/vacancesenbretagne.fr\/en\/blog-list\/\" \/>\n<meta property=\"og:site_name\" content=\"Maisons de la Presqu\u2019\u00eele de L\u00e9zardrieux\" \/>\n<meta property=\"article:modified_time\" content=\"2022-12-31T06:12:04+00:00\" \/>\n<meta name=\"twitter:card\" content=\"summary_large_image\" \/>\n<script type=\"application\/ld+json\" class=\"yoast-schema-graph\">{\"@context\":\"https:\/\/schema.org\",\"@graph\":[{\"@type\":\"WebPage\",\"@id\":\"https:\/\/vacancesenbretagne.fr\/blog-list\/\",\"url\":\"https:\/\/vacancesenbretagne.fr\/blog-list\/\",\"name\":\"Blog - Maisons de la Presqu\u2019\u00eele de L\u00e9zardrieux\",\"isPartOf\":{\"@id\":\"https:\/\/vacancesenbretagne.fr\/#website\"},\"datePublished\":\"2015-04-20T13:10:02+00:00\",\"dateModified\":\"2022-12-31T06:12:04+00:00\",\"breadcrumb\":{\"@id\":\"https:\/\/vacancesenbretagne.fr\/blog-list\/#breadcrumb\"},\"inLanguage\":\"en-GB\",\"potentialAction\":[{\"@type\":\"ReadAction\",\"target\":[\"https:\/\/vacancesenbretagne.fr\/blog-list\/\"]}]},{\"@type\":\"BreadcrumbList\",\"@id\":\"https:\/\/vacancesenbretagne.fr\/blog-list\/#breadcrumb\",\"itemListElement\":[{\"@type\":\"ListItem\",\"position\":1,\"name\":\"Home\",\"item\":\"https:\/\/vacancesenbretagne.fr\/\"},{\"@type\":\"ListItem\",\"position\":2,\"name\":\"Blog\"}]},{\"@type\":\"WebSite\",\"@id\":\"https:\/\/vacancesenbretagne.fr\/#website\",\"url\":\"https:\/\/vacancesenbretagne.fr\/\",\"name\":\"Maisons de la Presqu\u2019\u00eele - Locations de vacances - Paimpol, Perros Guirec, Br\u00e9hat, L\u00e9zardrieux\",\"description\":\"Locations de vacances Paimpol Br\u00e9hat Perros Guirec\",\"potentialAction\":[{\"@type\":\"SearchAction\",\"target\":{\"@type\":\"EntryPoint\",\"urlTemplate\":\"https:\/\/vacancesenbretagne.fr\/?s={search_term_string}\"},\"query-input\":{\"@type\":\"PropertyValueSpecification\",\"valueRequired\":true,\"valueName\":\"search_term_string\"}}],\"inLanguage\":\"en-GB\"}]}<\/script>\n<!-- \/ Yoast SEO plugin. -->","yoast_head_json":{"title":"Blog - Maisons de la Presqu\u2019\u00eele de L\u00e9zardrieux","robots":{"index":"index","follow":"follow","max-snippet":"max-snippet:-1","max-image-preview":"max-image-preview:large","max-video-preview":"max-video-preview:-1"},"canonical":"https:\/\/vacancesenbretagne.fr\/en\/blog-list\/","og_locale":"en_GB","og_type":"article","og_title":"Blog - Maisons de la Presqu\u2019\u00eele de L\u00e9zardrieux","og_url":"https:\/\/vacancesenbretagne.fr\/en\/blog-list\/","og_site_name":"Maisons de la Presqu\u2019\u00eele de L\u00e9zardrieux","article_modified_time":"2022-12-31T06:12:04+00:00","twitter_card":"summary_large_image","schema":{"@context":"https:\/\/schema.org","@graph":[{"@type":"WebPage","@id":"https:\/\/vacancesenbretagne.fr\/blog-list\/","url":"https:\/\/vacancesenbretagne.fr\/blog-list\/","name":"Blog - Maisons de la Presqu\u2019\u00eele de L\u00e9zardrieux","isPartOf":{"@id":"https:\/\/vacancesenbretagne.fr\/#website"},"datePublished":"2015-04-20T13:10:02+00:00","dateModified":"2022-12-31T06:12:04+00:00","breadcrumb":{"@id":"https:\/\/vacancesenbretagne.fr\/blog-list\/#breadcrumb"},"inLanguage":"en-GB","potentialAction":[{"@type":"ReadAction","target":["https:\/\/vacancesenbretagne.fr\/blog-list\/"]}]},{"@type":"BreadcrumbList","@id":"https:\/\/vacancesenbretagne.fr\/blog-list\/#breadcrumb","itemListElement":[{"@type":"ListItem","position":1,"name":"Home","item":"https:\/\/vacancesenbretagne.fr\/"},{"@type":"ListItem","position":2,"name":"Blog"}]},{"@type":"WebSite","@id":"https:\/\/vacancesenbretagne.fr\/#website","url":"https:\/\/vacancesenbretagne.fr\/","name":"Maisons de la Presqu\u2019\u00eele - Locations de vacances - Paimpol, Perros Guirec, Br\u00e9hat, L\u00e9zardrieux","description":"Holiday rentals Paimpol Br\u00e9hat Perros Guirec","potentialAction":[{"@type":"SearchAction","target":{"@type":"EntryPoint","urlTemplate":"https:\/\/vacancesenbretagne.fr\/?s={search_term_string}"},"query-input":{"@type":"PropertyValueSpecification","valueRequired":true,"valueName":"search_term_string"}}],"inLanguage":"en-GB"}]}},"_links":{"self":[{"href":"https:\/\/vacancesenbretagne.fr\/en\/wp-json\/wp\/v2\/pages\/187","targetHints":{"allow":["GET"]}}],"collection":[{"href":"https:\/\/vacancesenbretagne.fr\/en\/wp-json\/wp\/v2\/pages"}],"about":[{"href":"https:\/\/vacancesenbretagne.fr\/en\/wp-json\/wp\/v2\/types\/page"}],"author":[{"embeddable":true,"href":"https:\/\/vacancesenbretagne.fr\/en\/wp-json\/wp\/v2\/users\/3"}],"replies":[{"embeddable":true,"href":"https:\/\/vacancesenbretagne.fr\/en\/wp-json\/wp\/v2\/comments?post=187"}],"version-history":[{"count":0,"href":"https:\/\/vacancesenbretagne.fr\/en\/wp-json\/wp\/v2\/pages\/187\/revisions"}],"wp:attachment":[{"href":"https:\/\/vacancesenbretagne.fr\/en\/wp-json\/wp\/v2\/media?parent=187"}],"curies":[{"name":"wp","href":"https:\/\/api.w.org\/{rel}","templated":true}]}}